{"id":401,"date":"2021-01-22T08:42:21","date_gmt":"2021-01-22T08:42:21","guid":{"rendered":"http:\/\/axilthemes.com\/themes\/blogar\/about-us-copy\/"},"modified":"2026-03-31T11:24:04","modified_gmt":"2026-03-31T11:24:04","slug":"about-us","status":"publish","type":"page","link":"https:\/\/xn--humlebrdrene-1jb.dk\/staging\/about-us\/","title":{"rendered":"Om HumleBr\u00f8drene &#8211; Dit F\u00e6llesskab for \u00d8loplevelser"},"content":{"rendered":"\t\t<div data-elementor-type=\"wp-page\" data-elementor-id=\"401\" class=\"elementor elementor-401\" data-elementor-post-type=\"page\">\n\t\t\t\t\t\t<section class=\"elementor-section elementor-top-section elementor-element elementor-element-6cc26c1 axil-post-list-area axil-section-gap bg-color-white elementor-section-boxed elementor-section-height-default elementor-section-height-default\" data-id=\"6cc26c1\" data-element_type=\"section\" data-e-type=\"section\">\n\t\t\t\t\t\t<div class=\"elementor-container elementor-column-gap-extended\">\n\t\t\t\t\t<div class=\"elementor-column elementor-col-100 elementor-top-column elementor-element elementor-element-a4844c9\" data-id=\"a4844c9\" data-element_type=\"column\" data-e-type=\"column\">\n\t\t\t<div class=\"elementor-widget-wrap elementor-element-populated\">\n\t\t\t\t\t\t<div class=\"elementor-element elementor-element-f89163f elementor-widget elementor-widget-text-editor\" data-id=\"f89163f\" data-element_type=\"widget\" data-e-type=\"widget\" data-widget_type=\"text-editor.default\">\n\t\t\t\t\t\t\t\t\t<h3>Om HumleBr\u00f8drene<\/h3><p class=\"p1\">Vi er ikke bare en \u00f8lblog &#8211; Vi er et f\u00e6llesskab.<\/p><p class=\"p1\">HumleBr\u00f8drene er skabt af passionen for gode \u00f8l, gode historier og de oplevelser, der opst\u00e5r, n\u00e5r man deler begge dele med andre. Vi bes\u00f8ger bryghuse, deltager i festivaler, smager os gennem alt fra klassiske pilsnere til vilde fadlagrede eksperimenter \u2013 og vigtigst af alt: vi deler det hele med jer.<\/p><p class=\"p1\">For os handler \u00f8l ikke kun om smag, det handler om &#8211; <em>oplevelser, mennesker, steder og de sm\u00e5 \u00f8jeblikke, der bliver til store minder.<\/em><\/p><p class=\"p1\">HumleBr\u00f8drene er for dig der elsker en god \u00f8l, er nysgerrig p\u00e5 nye smage, eller bare gerne vil inspireres<\/p><p class=\"p1\">Her p\u00e5 sitet finder du \u00e6rlige \u00f8lanmeldelser,\u00a0bryghusbes\u00f8g og rejser, festivaloplevelser, guides og inspiration &#8211; og m\u00e5ske vigtigst &#8211; <em>Et f\u00e6llesskab af mennesker, der deler samme passion.<\/em><\/p><p class=\"p1\">Velkommen til \ud83c\udf7b<\/p>\t\t\t\t\t\t\t\t<\/div>\n\t\t\t\t\t<\/div>\n\t\t<\/div>\n\t\t\t\t\t<\/div>\n\t\t<\/section>\n\t\t\t\t<\/div>\n\t\t","protected":false},"excerpt":{"rendered":"<p>Om HumleBr\u00f8drene Vi er ikke bare en \u00f8lblog &#8211; Vi er et f\u00e6llesskab. HumleBr\u00f8drene er skabt af passionen for gode \u00f8l, gode historier og de oplevelser, der opst\u00e5r, n\u00e5r man deler begge dele med andre. Vi bes\u00f8ger bryghuse, deltager i festivaler, smager os gennem alt fra klassiske pilsnere til vilde fadlagrede eksperimenter \u2013 og vigtigst [&hellip;]<\/p>\n","protected":false},"author":1,"featured_media":1197,"parent":0,"menu_order":0,"comment_status":"closed","ping_status":"closed","template":"elementor_header_footer","meta":{"_acf_changed":false,"footnotes":""},"class_list":["post-401","page","type-page","status-publish","has-post-thumbnail","hentry"],"acf":[],"jetpack_sharing_enabled":true,"_links":{"self":[{"href":"https:\/\/xn--humlebrdrene-1jb.dk\/staging\/wp-json\/wp\/v2\/pages\/401","targetHints":{"allow":["GET"]}}],"collection":[{"href":"https:\/\/xn--humlebrdrene-1jb.dk\/staging\/wp-json\/wp\/v2\/pages"}],"about":[{"href":"https:\/\/xn--humlebrdrene-1jb.dk\/staging\/wp-json\/wp\/v2\/types\/page"}],"author":[{"embeddable":true,"href":"https:\/\/xn--humlebrdrene-1jb.dk\/staging\/wp-json\/wp\/v2\/users\/1"}],"replies":[{"embeddable":true,"href":"https:\/\/xn--humlebrdrene-1jb.dk\/staging\/wp-json\/wp\/v2\/comments?post=401"}],"version-history":[{"count":11,"href":"https:\/\/xn--humlebrdrene-1jb.dk\/staging\/wp-json\/wp\/v2\/pages\/401\/revisions"}],"predecessor-version":[{"id":1751,"href":"https:\/\/xn--humlebrdrene-1jb.dk\/staging\/wp-json\/wp\/v2\/pages\/401\/revisions\/1751"}],"wp:featuredmedia":[{"embeddable":true,"href":"https:\/\/xn--humlebrdrene-1jb.dk\/staging\/wp-json\/wp\/v2\/media\/1197"}],"wp:attachment":[{"href":"https:\/\/xn--humlebrdrene-1jb.dk\/staging\/wp-json\/wp\/v2\/media?parent=401"}],"curies":[{"name":"wp","href":"https:\/\/api.w.org\/{rel}","templated":true}]}}